{"id":13,"date":"2025-09-12T12:26:37","date_gmt":"2025-09-12T12:26:37","guid":{"rendered":"https:\/\/bureaupo.nl\/?page_id=13"},"modified":"2026-02-20T12:09:58","modified_gmt":"2026-02-20T12:09:58","slug":"over-ons","status":"publish","type":"page","link":"https:\/\/bureaupo.nl\/?page_id=13","title":{"rendered":"Over ons"},"content":{"rendered":"<div class=\"wp-block-image\">\n<figure class=\"aligncenter size-large is-resized\"><img loading=\"lazy\" decoding=\"async\" width=\"1595\" height=\"2392\" src=\"https:\/\/bureaupo.nl\/wp-content\/uploads\/2026\/02\/JenB-10-edited.jpg\" alt=\"\" class=\"wp-image-48\" style=\"width:339px;height:auto\" srcset=\"https:\/\/bureaupo.nl\/wp-content\/uploads\/2026\/02\/JenB-10-edited.jpg 1595w, https:\/\/bureaupo.nl\/wp-content\/uploads\/2026\/02\/JenB-10-edited-200x300.jpg 200w, https:\/\/bureaupo.nl\/wp-content\/uploads\/2026\/02\/JenB-10-edited-683x1024.jpg 683w, https:\/\/bureaupo.nl\/wp-content\/uploads\/2026\/02\/JenB-10-edited-768x1152.jpg 768w, https:\/\/bureaupo.nl\/wp-content\/uploads\/2026\/02\/JenB-10-edited-1024x1536.jpg 1024w, https:\/\/bureaupo.nl\/wp-content\/uploads\/2026\/02\/JenB-10-edited-1366x2048.jpg 1366w\" sizes=\"auto, (max-width: 1595px) 100vw, 1595px\" \/><\/figure>\n<\/div>\n\n\n<p class=\"has-text-align-left has-black-color has-text-color has-link-color has-large-font-size wp-elements-e4506cef796915405838862d75f3ddad\"><br><strong>Bureau PO<\/strong><\/p>\n\n\n\n<p class=\"has-black-color has-text-color has-link-color has-medium-font-size wp-elements-c2e062ed6d4b517e64e3a002bb651139\">Goed onderwijs maak je samen. Met visie en vakmanschap kijken naar wat werkt en wat beter kan. Vanuit die overtuiging zijn wij Bureau PO gestart.<br><br>Wij, Bram Janssen en Jacques de Vocht, werken al jarenlang in en met het primair onderwijs. Als schoolleider, leerkracht, opleider en adviseur hebben we \u00e9\u00e9n ding steeds opnieuw ervaren: duurzame schoolontwikkeling vraagt om inhoudelijke expertise \u00e9n praktische vertaling naar de klas.<br><br>Bureau PO ondersteunt basisscholen bij het versterken van hun kernopdracht: goed onderwijs voor ieder kind. Dat doen we evidence-informed, doelgericht en altijd in verbinding met het team. Geen modieuze hypes, maar onderbouwde keuzes. Geen dikke rapporten die in een la verdwijnen, maar concrete verbeteringen die zichtbaar zijn in de klas.<\/p>\n\n\n\n<p><\/p>\n","protected":false},"excerpt":{"rendered":"<p>Bureau PO Goed onderwijs maak je samen. Met visie en vakmanschap kijken naar wat werkt en wat beter kan. Vanuit die overtuiging zijn wij Bureau PO gestart. Wij, Bram Janssen en Jacques de Vocht, werken al jarenlang in en met het primair onderwijs. Als schoolleider, leerkracht, opleider en adviseur hebben we \u00e9\u00e9n ding steeds opnieuw&#8230;<\/p>\n<p class=\"more-link\"><a href=\"https:\/\/bureaupo.nl\/?page_id=13\"><span>Read More<\/span><i>&#43;<\/i><\/a><\/p>\n","protected":false},"author":1,"featured_media":0,"parent":0,"menu_order":0,"comment_status":"closed","ping_status":"closed","template":"","meta":{"footnotes":""},"class_list":["post-13","page","type-page","status-publish","hentry"],"_links":{"self":[{"href":"https:\/\/bureaupo.nl\/index.php?rest_route=\/wp\/v2\/pages\/13","targetHints":{"allow":["GET"]}}],"collection":[{"href":"https:\/\/bureaupo.nl\/index.php?rest_route=\/wp\/v2\/pages"}],"about":[{"href":"https:\/\/bureaupo.nl\/index.php?rest_route=\/wp\/v2\/types\/page"}],"author":[{"embeddable":true,"href":"https:\/\/bureaupo.nl\/index.php?rest_route=\/wp\/v2\/users\/1"}],"replies":[{"embeddable":true,"href":"https:\/\/bureaupo.nl\/index.php?rest_route=%2Fwp%2Fv2%2Fcomments&post=13"}],"version-history":[{"count":8,"href":"https:\/\/bureaupo.nl\/index.php?rest_route=\/wp\/v2\/pages\/13\/revisions"}],"predecessor-version":[{"id":71,"href":"https:\/\/bureaupo.nl\/index.php?rest_route=\/wp\/v2\/pages\/13\/revisions\/71"}],"wp:attachment":[{"href":"https:\/\/bureaupo.nl\/index.php?rest_route=%2Fwp%2Fv2%2Fmedia&parent=13"}],"curies":[{"name":"wp","href":"https:\/\/api.w.org\/{rel}","templated":true}]}}